{"id":14179,"date":"2024-06-12T17:06:45","date_gmt":"2024-06-12T15:06:45","guid":{"rendered":"https:\/\/djmarvin.cat\/cookie-policy\/"},"modified":"2025-08-14T17:19:12","modified_gmt":"2025-08-14T15:19:12","slug":"cookie-policy","status":"publish","type":"page","link":"https:\/\/djmarvin.cat\/en\/cookie-policy\/","title":{"rendered":"Cookie Policy"},"content":{"rendered":"\n<h2 class=\"wp-block-heading\">Cookie Policy<\/h2>\n\n<p>This website uses cookies for proper navigation and functionality, as well as to obtain statistical usage data. The following \u201cexplains what cookies are, what types are\u201d used on this website, and how you can manage them.<\/p>\n\n<p><strong>What are cookies?<\/strong><\/p>\n\n<p>Cookies are small text files that are stored in your browser when you visit a website. The information stored by cookies can be very diverse, such as your personal preferences, login information, website browsing history, etc.<\/p>\n\n<p><strong>What types of cookies are used on this website?<\/strong><\/p>\n\n<p>This website uses the following types of cookies:<\/p>\n\n<ul class=\"wp-block-list\">\n<li><strong>First-party cookies:<\/strong> These \u201care sent from the web domain or\u201d application managed by the \u201cuser and allow the website to function correctly and its\u201d services to be used.<\/li>\n\n\n\n<li><strong>Third-party cookies:<\/strong> These \u201care sent from a\u201d domain different from the web domain you are visiting, such as cookies used by Google Analytics or for social networks.<\/li>\n<\/ul>\n\n<p>Specifically, this website uses the following cookies:<\/p>\n\n<ul class=\"wp-block-list\">\n<li><strong>Google Analytics:<\/strong> It \u201cis used to obtain statistical data on\u201d website usage, such as the number of visitors, the pages visited, or the \u201corigin of\u201d visitors. Google Analytics uses its own cookies (_ga, _gid, _gat, etc.) for this purpose.<\/li>\n\n\n\n<li><strong>Contact Form:<\/strong> It \u201cis used to save the data that the\u201d user enters into the contact form, such as their name, email, and message. This cookie is necessary for the proper functioning of the contact form.<\/li>\n<\/ul>\n\n<p><strong>How to manage cookies?<\/strong><\/p>\n\n<p>You can manage cookies from your web browser. Most browsers allow you to accept or reject all cookies, accept only first-party cookies, or reject third-party cookies. Below are the steps to manage cookies in some of the most popular web browsers:<\/p>\n\n<ul class=\"wp-block-list\">\n<li><strong>Google Chrome:<\/strong> <a href=\"\/\/support.google.com\/accounts\/answer\/32050?hl=en&amp;co=GENIE.Platform%3DDesktop\" target=\"_blank\" rel=\"noreferrer noopener\">https:\/\/support.google.com\/accounts\/answer\/32050?hl=en&amp;co=GENIE.Platform%3DDesktop<\/a><\/li>\n\n\n\n<li><strong>Mozilla Firefox:<\/strong> <a href=\"\/\/support.mozilla.org\/es\/kb\/Borrar%20cookies\" target=\"_blank\" rel=\"noreferrer noopener\">https:\/\/support.mozilla.org\/es\/kb\/Borrar%20cookies<\/a><\/li>\n\n\n\n<li><strong>Safari:<\/strong> <a href=\"https:\/\/support.apple.com\/guide\/safari\/manage-cookies-sfri11471\/mac\" target=\"_blank\" rel=\"noreferrer noopener\">https:\/\/support.apple.com\/guide\/safari\/manage-cookies-sfri11471\/mac<\/a><\/li>\n\n\n\n<li><strong>Internet Explorer:<\/strong> <a href=\"https:\/\/support.microsoft.com\/en-us\/windows\/manage-cookies-in-microsoft-edge-view-allow-block-delete-and-use-168dab11-0753-043d-7c16-ede5947fc64d\" target=\"_blank\" rel=\"noreferrer noopener\">https:\/\/support.microsoft.com\/en-us\/windows\/manage-cookies-in-microsoft-edge-view-allow-block-delete-and-use-168dab11-0753-043d-7c16-ede5947fc64d<\/a><\/li>\n<\/ul>\n\n<p>Please note that if you block the use of cookies, it may prevent some functions of this website from working correctly.<\/p>\n\n<p><strong>Contact form data<\/strong><\/p>\n\n<p>The data that the \u201cuser enters into the contact form is\u201d used solely for the purpose of responding to their request. This data is not communicated to third parties or used for any other purpose.<\/p>\n","protected":false},"excerpt":{"rendered":"<p>Cookie Policy This website uses cookies for proper navigation and functionality, as well as to obtain statistical usage data. The following \u201cexplains what cookies are, what types are\u201d used on this website, and how you can manage them. What are cookies? Cookies are small text files that are stored in your browser when you visit [&hellip;]<\/p>\n","protected":false},"author":1,"featured_media":0,"parent":0,"menu_order":0,"comment_status":"closed","ping_status":"closed","template":"","meta":{"footnotes":""},"class_list":["post-14179","page","type-page","status-publish","hentry"],"yoast_head":"<!-- This site is optimized with the Yoast SEO plugin v27.1.1 - https:\/\/yoast.com\/product\/yoast-seo-wordpress\/ -->\n<title>Cookie Policy - Dj Marvin<\/title>\n<meta name=\"robots\" content=\"index, follow, max-snippet:-1, max-image-preview:large, max-video-preview:-1\" \/>\n<link rel=\"canonical\" href=\"https:\/\/djmarvin.cat\/en\/cookie-policy\/\" \/>\n<meta property=\"og:locale\" content=\"en_US\" \/>\n<meta property=\"og:type\" content=\"article\" \/>\n<meta property=\"og:title\" content=\"Cookie Policy - Dj Marvin\" \/>\n<meta property=\"og:description\" content=\"Cookie Policy This website uses cookies for proper navigation and functionality, as well as to obtain statistical usage data. The following \u201cexplains what cookies are, what types are\u201d used on this website, and how you can manage them. What are cookies? Cookies are small text files that are stored in your browser when you visit [&hellip;]\" \/>\n<meta property=\"og:url\" content=\"https:\/\/djmarvin.cat\/en\/cookie-policy\/\" \/>\n<meta property=\"og:site_name\" content=\"Dj Marvin\" \/>\n<meta property=\"article:publisher\" content=\"https:\/\/facebook.com\/djmrvn\" \/>\n<meta property=\"article:modified_time\" content=\"2025-08-14T15:19:12+00:00\" \/>\n<meta name=\"twitter:card\" content=\"summary_large_image\" \/>\n<meta name=\"twitter:label1\" content=\"Est. reading time\" \/>\n\t<meta name=\"twitter:data1\" content=\"2 minutes\" \/>\n<script type=\"application\/ld+json\" class=\"yoast-schema-graph\">{\"@context\":\"https:\/\/schema.org\",\"@graph\":[{\"@type\":\"WebPage\",\"@id\":\"https:\/\/djmarvin.cat\/en\/cookie-policy\/\",\"url\":\"https:\/\/djmarvin.cat\/en\/cookie-policy\/\",\"name\":\"Cookie Policy - Dj Marvin\",\"isPartOf\":{\"@id\":\"https:\/\/djmarvin.cat\/en\/#website\"},\"datePublished\":\"2024-06-12T15:06:45+00:00\",\"dateModified\":\"2025-08-14T15:19:12+00:00\",\"breadcrumb\":{\"@id\":\"https:\/\/djmarvin.cat\/en\/cookie-policy\/#breadcrumb\"},\"inLanguage\":\"en-US\",\"potentialAction\":[{\"@type\":\"ReadAction\",\"target\":[\"https:\/\/djmarvin.cat\/en\/cookie-policy\/\"]}]},{\"@type\":\"BreadcrumbList\",\"@id\":\"https:\/\/djmarvin.cat\/en\/cookie-policy\/#breadcrumb\",\"itemListElement\":[{\"@type\":\"ListItem\",\"position\":1,\"name\":\"Inici\",\"item\":\"https:\/\/djmarvin.cat\/en\/\"},{\"@type\":\"ListItem\",\"position\":2,\"name\":\"Cookie Policy\"}]},{\"@type\":\"WebSite\",\"@id\":\"https:\/\/djmarvin.cat\/en\/#website\",\"url\":\"https:\/\/djmarvin.cat\/en\/\",\"name\":\"Dj Marvin\",\"description\":\"Top Hits DJ\",\"publisher\":{\"@id\":\"https:\/\/djmarvin.cat\/en\/#organization\"},\"alternateName\":\"Les millors sessions amb tots els hits del moment o les m\u00e9s elegants amb la millor m\u00fasica electr\u00f2nica\",\"potentialAction\":[{\"@type\":\"SearchAction\",\"target\":{\"@type\":\"EntryPoint\",\"urlTemplate\":\"https:\/\/djmarvin.cat\/en\/?s={search_term_string}\"},\"query-input\":{\"@type\":\"PropertyValueSpecification\",\"valueRequired\":true,\"valueName\":\"search_term_string\"}}],\"inLanguage\":\"en-US\"},{\"@type\":\"Organization\",\"@id\":\"https:\/\/djmarvin.cat\/en\/#organization\",\"name\":\"Dj Marvin\",\"url\":\"https:\/\/djmarvin.cat\/en\/\",\"logo\":{\"@type\":\"ImageObject\",\"inLanguage\":\"en-US\",\"@id\":\"https:\/\/djmarvin.cat\/en\/#\/schema\/logo\/image\/\",\"url\":\"https:\/\/djmarvin.cat\/wp-content\/uploads\/2024\/01\/djmarvin2024_black_small.webp\",\"contentUrl\":\"https:\/\/djmarvin.cat\/wp-content\/uploads\/2024\/01\/djmarvin2024_black_small.webp\",\"width\":300,\"height\":91,\"caption\":\"Dj Marvin\"},\"image\":{\"@id\":\"https:\/\/djmarvin.cat\/en\/#\/schema\/logo\/image\/\"},\"sameAs\":[\"https:\/\/facebook.com\/djmrvn\",\"https:\/\/instagram.com\/djmarvin\"]}]}<\/script>\n<!-- \/ Yoast SEO plugin. -->","yoast_head_json":{"title":"Cookie Policy - Dj Marvin","robots":{"index":"index","follow":"follow","max-snippet":"max-snippet:-1","max-image-preview":"max-image-preview:large","max-video-preview":"max-video-preview:-1"},"canonical":"https:\/\/djmarvin.cat\/en\/cookie-policy\/","og_locale":"en_US","og_type":"article","og_title":"Cookie Policy - Dj Marvin","og_description":"Cookie Policy This website uses cookies for proper navigation and functionality, as well as to obtain statistical usage data. The following \u201cexplains what cookies are, what types are\u201d used on this website, and how you can manage them. What are cookies? Cookies are small text files that are stored in your browser when you visit [&hellip;]","og_url":"https:\/\/djmarvin.cat\/en\/cookie-policy\/","og_site_name":"Dj Marvin","article_publisher":"https:\/\/facebook.com\/djmrvn","article_modified_time":"2025-08-14T15:19:12+00:00","twitter_card":"summary_large_image","twitter_misc":{"Est. reading time":"2 minutes"},"schema":{"@context":"https:\/\/schema.org","@graph":[{"@type":"WebPage","@id":"https:\/\/djmarvin.cat\/en\/cookie-policy\/","url":"https:\/\/djmarvin.cat\/en\/cookie-policy\/","name":"Cookie Policy - Dj Marvin","isPartOf":{"@id":"https:\/\/djmarvin.cat\/en\/#website"},"datePublished":"2024-06-12T15:06:45+00:00","dateModified":"2025-08-14T15:19:12+00:00","breadcrumb":{"@id":"https:\/\/djmarvin.cat\/en\/cookie-policy\/#breadcrumb"},"inLanguage":"en-US","potentialAction":[{"@type":"ReadAction","target":["https:\/\/djmarvin.cat\/en\/cookie-policy\/"]}]},{"@type":"BreadcrumbList","@id":"https:\/\/djmarvin.cat\/en\/cookie-policy\/#breadcrumb","itemListElement":[{"@type":"ListItem","position":1,"name":"Inici","item":"https:\/\/djmarvin.cat\/en\/"},{"@type":"ListItem","position":2,"name":"Cookie Policy"}]},{"@type":"WebSite","@id":"https:\/\/djmarvin.cat\/en\/#website","url":"https:\/\/djmarvin.cat\/en\/","name":"Dj Marvin","description":"Top Hits DJ","publisher":{"@id":"https:\/\/djmarvin.cat\/en\/#organization"},"alternateName":"Les millors sessions amb tots els hits del moment o les m\u00e9s elegants amb la millor m\u00fasica electr\u00f2nica","potentialAction":[{"@type":"SearchAction","target":{"@type":"EntryPoint","urlTemplate":"https:\/\/djmarvin.cat\/en\/?s={search_term_string}"},"query-input":{"@type":"PropertyValueSpecification","valueRequired":true,"valueName":"search_term_string"}}],"inLanguage":"en-US"},{"@type":"Organization","@id":"https:\/\/djmarvin.cat\/en\/#organization","name":"Dj Marvin","url":"https:\/\/djmarvin.cat\/en\/","logo":{"@type":"ImageObject","inLanguage":"en-US","@id":"https:\/\/djmarvin.cat\/en\/#\/schema\/logo\/image\/","url":"https:\/\/djmarvin.cat\/wp-content\/uploads\/2024\/01\/djmarvin2024_black_small.webp","contentUrl":"https:\/\/djmarvin.cat\/wp-content\/uploads\/2024\/01\/djmarvin2024_black_small.webp","width":300,"height":91,"caption":"Dj Marvin"},"image":{"@id":"https:\/\/djmarvin.cat\/en\/#\/schema\/logo\/image\/"},"sameAs":["https:\/\/facebook.com\/djmrvn","https:\/\/instagram.com\/djmarvin"]}]}},"_links":{"self":[{"href":"https:\/\/djmarvin.cat\/en\/wp-json\/wp\/v2\/pages\/14179","targetHints":{"allow":["GET"]}}],"collection":[{"href":"https:\/\/djmarvin.cat\/en\/wp-json\/wp\/v2\/pages"}],"about":[{"href":"https:\/\/djmarvin.cat\/en\/wp-json\/wp\/v2\/types\/page"}],"author":[{"embeddable":true,"href":"https:\/\/djmarvin.cat\/en\/wp-json\/wp\/v2\/users\/1"}],"replies":[{"embeddable":true,"href":"https:\/\/djmarvin.cat\/en\/wp-json\/wp\/v2\/comments?post=14179"}],"version-history":[{"count":1,"href":"https:\/\/djmarvin.cat\/en\/wp-json\/wp\/v2\/pages\/14179\/revisions"}],"predecessor-version":[{"id":14180,"href":"https:\/\/djmarvin.cat\/en\/wp-json\/wp\/v2\/pages\/14179\/revisions\/14180"}],"wp:attachment":[{"href":"https:\/\/djmarvin.cat\/en\/wp-json\/wp\/v2\/media?parent=14179"}],"curies":[{"name":"wp","href":"https:\/\/api.w.org\/{rel}","templated":true}]}}