{"id":14175,"date":"2024-01-23T21:33:39","date_gmt":"2024-01-23T20:33:39","guid":{"rendered":"https:\/\/djmarvin.cat\/town-festivals\/"},"modified":"2025-08-15T16:08:32","modified_gmt":"2025-08-15T14:08:32","slug":"festivals","status":"publish","type":"page","link":"https:\/\/djmarvin.cat\/en\/festivals\/","title":{"rendered":"Festivals"},"content":{"rendered":"\t\t<div data-elementor-type=\"wp-page\" data-elementor-id=\"14175\" class=\"elementor elementor-14175 elementor-13508\">\n\t\t\t\t\t\t<section class=\"elementor-section elementor-top-section elementor-element elementor-element-ca1019a elementor-section-boxed elementor-section-height-default elementor-section-height-default\" data-id=\"ca1019a\" data-element_type=\"section\" data-e-type=\"section\">\n\t\t\t\t\t\t<div class=\"elementor-container elementor-column-gap-no\">\n\t\t\t\t\t<div class=\"elementor-column elementor-col-50 elementor-top-column elementor-element elementor-element-856ab6d\" data-id=\"856ab6d\" data-element_type=\"column\" data-e-type=\"column\">\n\t\t\t<div class=\"elementor-widget-wrap elementor-element-populated\">\n\t\t\t\t\t\t<div class=\"elementor-element elementor-element-63a7f61 elementor-widget elementor-widget-beatmove_core_section_title\" data-id=\"63a7f61\" data-element_type=\"widget\" data-e-type=\"widget\" data-widget_type=\"beatmove_core_section_title.default\">\n\t\t\t\t<div class=\"elementor-widget-container\">\n\t\t\t\t\t<div class=\"qodef-shortcode qodef-m  qodef-section-title qodef--has-appear qodef-alignment--left   \">\n\t\t<h1 class=\"qodef-m-title\" >\n\t\t\t\t\tFESTIVAL\t\t\t<\/h1>\n\t\t<div class=\"qodef-m-text\" >\n\t\tTOP HITS DJ\t<\/div>\n<\/div>\n\t\t\t\t<\/div>\n\t\t\t\t<\/div>\n\t\t\t\t<div class=\"elementor-element elementor-element-39d52d2 elementor-widget elementor-widget-text-editor\" data-id=\"39d52d2\" data-element_type=\"widget\" data-e-type=\"widget\" data-widget_type=\"text-editor.default\">\n\t\t\t\t<div class=\"elementor-widget-container\">\n\t\t\t\t\t\t\t\t\t<p>One of the most anticipated days in all towns or cities, the Town Festivals! With over 18 years of experience DJing at town festivals across Catalonia, the party is guaranteed. <\/p><p>Santa Maria de Palautordera, la Garriga, Sant Celoni, Cardedeu, Llinars del Vall\u00e9s, Breda, les Preses, Sant Feliu de Buixalleu, Capellades, C\u00e0noves, Santa Eul\u00e0lia de Ronsana, Vallgorguina, Montseny and more.<\/p>\t\t\t\t\t\t\t\t<\/div>\n\t\t\t\t<\/div>\n\t\t\t\t<div class=\"elementor-element elementor-element-281393c elementor-widget elementor-widget-beatmove_core_button\" data-id=\"281393c\" data-element_type=\"widget\" data-e-type=\"widget\" data-widget_type=\"beatmove_core_button.default\">\n\t\t\t\t<div class=\"elementor-widget-container\">\n\t\t\t\t\t<a class=\"qodef-shortcode qodef-m  qodef-button qodef-layout--textual  qodef-html--link\" href=\"\/en\/contact\" target=\"_self\"  >\n\t<span class=\"qodef-m-text\">Contact me<\/span><svg class=\"qodef-svg--custom-arrow qodef-m-arrow\" xmlns=\"http:\/\/www.w3.org\/2000\/svg\" width=\"14.2\" height=\"14.2\" viewBox=\"0 0 14.2 14.2\"><g><path d=\"M13.2 9V1h-8M13.4.8.7 13.5\"\/><path d=\"M13.2 9V1h-8M13.4.8.7 13.5\"\/><\/g><g><path d=\"M13.2 9V1h-8M13.4.8.7 13.5\"\/><path d=\"M13.2 9V1h-8M13.4.8.7 13.5\"\/><\/g><\/svg><\/a>\n\t\t\t\t<\/div>\n\t\t\t\t<\/div>\n\t\t\t\t\t<\/div>\n\t\t<\/div>\n\t\t\t\t<div class=\"elementor-column elementor-col-50 elementor-top-column elementor-element elementor-element-ddee93b elementor-hidden-tablet elementor-hidden-mobile\" data-id=\"ddee93b\" data-element_type=\"column\" data-e-type=\"column\">\n\t\t\t<div class=\"elementor-widget-wrap elementor-element-populated\">\n\t\t\t\t\t\t<div class=\"elementor-element elementor-element-76dedcb elementor-invisible elementor-widget elementor-widget-image\" data-id=\"76dedcb\" data-element_type=\"widget\" data-e-type=\"widget\" data-settings=\"{&quot;_animation&quot;:&quot;fadeIn&quot;}\" data-widget_type=\"image.default\">\n\t\t\t\t<div class=\"elementor-widget-container\">\n\t\t\t\t\t\t\t\t\t\t\t\t\t\t\t<img fetchpriority=\"high\" decoding=\"async\" width=\"1024\" height=\"1024\" src=\"https:\/\/djmarvin.cat\/wp-content\/uploads\/2023\/12\/2-1024x1024.webp\" class=\"attachment-large size-large wp-image-14119\" alt=\"\" srcset=\"https:\/\/djmarvin.cat\/wp-content\/uploads\/2023\/12\/2-1024x1024.webp 1024w, https:\/\/djmarvin.cat\/wp-content\/uploads\/2023\/12\/2-300x300.webp 300w, https:\/\/djmarvin.cat\/wp-content\/uploads\/2023\/12\/2-150x150.webp 150w, https:\/\/djmarvin.cat\/wp-content\/uploads\/2023\/12\/2-768x768.webp 768w, https:\/\/djmarvin.cat\/wp-content\/uploads\/2023\/12\/2-650x650.webp 650w, https:\/\/djmarvin.cat\/wp-content\/uploads\/2023\/12\/2.webp 1080w\" sizes=\"(max-width: 1024px) 100vw, 1024px\" \/>\t\t\t\t\t\t\t\t\t\t\t\t\t\t\t<\/div>\n\t\t\t\t<\/div>\n\t\t\t\t\t<\/div>\n\t\t<\/div>\n\t\t\t\t\t<\/div>\n\t\t<\/section>\n\t\t<div class=\"elementor-element elementor-element-ec8e7a1 e-flex e-con-boxed e-con e-parent\" data-id=\"ec8e7a1\" data-element_type=\"container\" data-e-type=\"container\" data-settings=\"{&quot;background_background&quot;:&quot;classic&quot;}\">\n\t\t\t\t\t<div class=\"e-con-inner\">\n\t\t<div class=\"elementor-element elementor-element-e481614 e-con-full e-flex e-con e-child\" data-id=\"e481614\" data-element_type=\"container\" data-e-type=\"container\">\n\t\t\t\t<div class=\"elementor-element elementor-element-4869548 elementor-widget elementor-widget-qi_addons_for_elementor_section_title\" data-id=\"4869548\" data-element_type=\"widget\" data-e-type=\"widget\" data-widget_type=\"qi_addons_for_elementor_section_title.default\">\n\t\t\t\t<div class=\"elementor-widget-container\">\n\t\t\t\t\t<div class=\"qodef-shortcode qodef-m qodef-qi-section-title qodef-decoration--italic qodef-link--underline-draw qodef-subtitle-icon--left\">\n\t\t\t\t\t\t<h2 class=\"qodef-m-title\">\n\t\tAll Audiences.\t<\/h2>\n\t\t\t<div class=\"qodef-m-text\"><p>My goal is to ensure that everyone enjoys, dances, and sings throughout my session. To get both the little ones and the grown-ups dancing.<\/p><\/div>\n\t<\/div>\n\t\t\t\t<\/div>\n\t\t\t\t<\/div>\n\t\t\t\t<\/div>\n\t\t<div class=\"elementor-element elementor-element-97f7df3 e-con-full e-flex e-con e-child\" data-id=\"97f7df3\" data-element_type=\"container\" data-e-type=\"container\">\n\t\t\t\t<div class=\"elementor-element elementor-element-a165e8a elementor-widget elementor-widget-qi_addons_for_elementor_section_title\" data-id=\"a165e8a\" data-element_type=\"widget\" data-e-type=\"widget\" data-widget_type=\"qi_addons_for_elementor_section_title.default\">\n\t\t\t\t<div class=\"elementor-widget-container\">\n\t\t\t\t\t<div class=\"qodef-shortcode qodef-m qodef-qi-section-title qodef-decoration--italic qodef-link--underline-draw qodef-subtitle-icon--left\">\n\t\t\t\t\t\t<h2 class=\"qodef-m-title\">\n\t\tExperience\t<\/h2>\n\t\t\t<div class=\"qodef-m-text\">Great memories of epic nights! In the last 18 years, I have toured several towns in Catalonia with my sessions.<\/div>\n\t<\/div>\n\t\t\t\t<\/div>\n\t\t\t\t<\/div>\n\t\t\t\t<\/div>\n\t\t<div class=\"elementor-element elementor-element-e866ff5 e-con-full e-flex e-con e-child\" data-id=\"e866ff5\" data-element_type=\"container\" data-e-type=\"container\">\n\t\t\t\t<div class=\"elementor-element elementor-element-52bdb2e elementor-widget elementor-widget-qi_addons_for_elementor_section_title\" data-id=\"52bdb2e\" data-element_type=\"widget\" data-e-type=\"widget\" data-widget_type=\"qi_addons_for_elementor_section_title.default\">\n\t\t\t\t<div class=\"elementor-widget-container\">\n\t\t\t\t\t<div class=\"qodef-shortcode qodef-m qodef-qi-section-title qodef-decoration--italic qodef-link--underline-draw qodef-subtitle-icon--left\">\n\t\t\t\t\t\t<h2 class=\"qodef-m-title\">\n\t\tVariety of Styles\t<\/h2>\n\t\t\t<div class=\"qodef-m-text\">For both young and old, in my sets you'll hear all the current hits and the best selection of timeless classics.<\/div>\n\t<\/div>\n\t\t\t\t<\/div>\n\t\t\t\t<\/div>\n\t\t\t\t<\/div>\n\t\t\t\t\t<\/div>\n\t\t\t\t<\/div>\n\t\t<div class=\"elementor-element elementor-element-29c7a2a e-con-full e-flex e-con e-parent\" data-id=\"29c7a2a\" data-element_type=\"container\" data-e-type=\"container\">\n\t\t<div class=\"elementor-element elementor-element-9897750 e-con-full e-flex e-con e-child\" data-id=\"9897750\" data-element_type=\"container\" data-e-type=\"container\">\n\t\t\t\t<div class=\"elementor-element elementor-element-d61729c elementor-widget elementor-widget-image\" data-id=\"d61729c\" data-element_type=\"widget\" data-e-type=\"widget\" data-widget_type=\"image.default\">\n\t\t\t\t<div class=\"elementor-widget-container\">\n\t\t\t\t\t\t\t\t\t\t\t\t\t\t\t<img decoding=\"async\" width=\"1024\" height=\"1024\" src=\"https:\/\/djmarvin.cat\/wp-content\/uploads\/2023\/12\/6-1024x1024.webp\" class=\"attachment-large size-large wp-image-14123\" alt=\"\" srcset=\"https:\/\/djmarvin.cat\/wp-content\/uploads\/2023\/12\/6-1024x1024.webp 1024w, https:\/\/djmarvin.cat\/wp-content\/uploads\/2023\/12\/6-300x300.webp 300w, https:\/\/djmarvin.cat\/wp-content\/uploads\/2023\/12\/6-150x150.webp 150w, https:\/\/djmarvin.cat\/wp-content\/uploads\/2023\/12\/6-768x768.webp 768w, https:\/\/djmarvin.cat\/wp-content\/uploads\/2023\/12\/6-650x650.webp 650w, https:\/\/djmarvin.cat\/wp-content\/uploads\/2023\/12\/6.webp 1080w\" sizes=\"(max-width: 1024px) 100vw, 1024px\" \/>\t\t\t\t\t\t\t\t\t\t\t\t\t\t\t<\/div>\n\t\t\t\t<\/div>\n\t\t\t\t<\/div>\n\t\t<div class=\"elementor-element elementor-element-484d63f e-con-full e-flex e-con e-child\" data-id=\"484d63f\" data-element_type=\"container\" data-e-type=\"container\">\n\t\t\t\t<div class=\"elementor-element elementor-element-3665837 elementor-widget elementor-widget-image\" data-id=\"3665837\" data-element_type=\"widget\" data-e-type=\"widget\" data-widget_type=\"image.default\">\n\t\t\t\t<div class=\"elementor-widget-container\">\n\t\t\t\t\t\t\t\t\t\t\t\t\t\t\t<img decoding=\"async\" width=\"1024\" height=\"1024\" src=\"https:\/\/djmarvin.cat\/wp-content\/uploads\/2023\/12\/4-1024x1024.webp\" class=\"attachment-large size-large wp-image-14121\" alt=\"\" srcset=\"https:\/\/djmarvin.cat\/wp-content\/uploads\/2023\/12\/4-1024x1024.webp 1024w, https:\/\/djmarvin.cat\/wp-content\/uploads\/2023\/12\/4-300x300.webp 300w, https:\/\/djmarvin.cat\/wp-content\/uploads\/2023\/12\/4-150x150.webp 150w, https:\/\/djmarvin.cat\/wp-content\/uploads\/2023\/12\/4-768x768.webp 768w, https:\/\/djmarvin.cat\/wp-content\/uploads\/2023\/12\/4-650x650.webp 650w, https:\/\/djmarvin.cat\/wp-content\/uploads\/2023\/12\/4.webp 1080w\" sizes=\"(max-width: 1024px) 100vw, 1024px\" \/>\t\t\t\t\t\t\t\t\t\t\t\t\t\t\t<\/div>\n\t\t\t\t<\/div>\n\t\t\t\t<\/div>\n\t\t<div class=\"elementor-element elementor-element-e566186 e-con-full e-flex e-con e-child\" data-id=\"e566186\" data-element_type=\"container\" data-e-type=\"container\">\n\t\t\t\t<div class=\"elementor-element elementor-element-6c5465d elementor-widget elementor-widget-image\" data-id=\"6c5465d\" data-element_type=\"widget\" data-e-type=\"widget\" data-widget_type=\"image.default\">\n\t\t\t\t<div class=\"elementor-widget-container\">\n\t\t\t\t\t\t\t\t\t\t\t\t\t\t\t<img fetchpriority=\"high\" decoding=\"async\" width=\"1024\" height=\"1024\" src=\"https:\/\/djmarvin.cat\/wp-content\/uploads\/2023\/12\/2-1024x1024.webp\" class=\"attachment-large size-large wp-image-14119\" alt=\"\" srcset=\"https:\/\/djmarvin.cat\/wp-content\/uploads\/2023\/12\/2-1024x1024.webp 1024w, https:\/\/djmarvin.cat\/wp-content\/uploads\/2023\/12\/2-300x300.webp 300w, https:\/\/djmarvin.cat\/wp-content\/uploads\/2023\/12\/2-150x150.webp 150w, https:\/\/djmarvin.cat\/wp-content\/uploads\/2023\/12\/2-768x768.webp 768w, https:\/\/djmarvin.cat\/wp-content\/uploads\/2023\/12\/2-650x650.webp 650w, https:\/\/djmarvin.cat\/wp-content\/uploads\/2023\/12\/2.webp 1080w\" sizes=\"(max-width: 1024px) 100vw, 1024px\" \/>\t\t\t\t\t\t\t\t\t\t\t\t\t\t\t<\/div>\n\t\t\t\t<\/div>\n\t\t\t\t<\/div>\n\t\t<div class=\"elementor-element elementor-element-1b58696 e-con-full e-flex e-con e-child\" data-id=\"1b58696\" data-element_type=\"container\" data-e-type=\"container\">\n\t\t\t\t<div class=\"elementor-element elementor-element-eac641c elementor-widget elementor-widget-image\" data-id=\"eac641c\" data-element_type=\"widget\" data-e-type=\"widget\" data-widget_type=\"image.default\">\n\t\t\t\t<div class=\"elementor-widget-container\">\n\t\t\t\t\t\t\t\t\t\t\t\t\t\t\t<img loading=\"lazy\" decoding=\"async\" width=\"1024\" height=\"1024\" src=\"https:\/\/djmarvin.cat\/wp-content\/uploads\/2023\/12\/3-1024x1024.webp\" class=\"attachment-large size-large wp-image-14120\" alt=\"\" srcset=\"https:\/\/djmarvin.cat\/wp-content\/uploads\/2023\/12\/3-1024x1024.webp 1024w, https:\/\/djmarvin.cat\/wp-content\/uploads\/2023\/12\/3-300x300.webp 300w, https:\/\/djmarvin.cat\/wp-content\/uploads\/2023\/12\/3-150x150.webp 150w, https:\/\/djmarvin.cat\/wp-content\/uploads\/2023\/12\/3-768x768.webp 768w, https:\/\/djmarvin.cat\/wp-content\/uploads\/2023\/12\/3-650x650.webp 650w, https:\/\/djmarvin.cat\/wp-content\/uploads\/2023\/12\/3.webp 1080w\" sizes=\"(max-width: 1024px) 100vw, 1024px\" \/>\t\t\t\t\t\t\t\t\t\t\t\t\t\t\t<\/div>\n\t\t\t\t<\/div>\n\t\t\t\t<\/div>\n\t\t\t\t<\/div>\n\t\t\t\t<\/div>\n\t\t","protected":false},"excerpt":{"rendered":"<p>FESTIVAL TOP HITS DJ One of the most anticipated days in all towns or cities, the Town Festivals! With over 18 years of experience DJing at town festivals across Catalonia, the party is guaranteed. Santa Maria de Palautordera, la Garriga, Sant Celoni, Cardedeu, Llinars del Vall\u00e9s, Breda, les Preses, Sant Feliu de Buixalleu, Capellades, C\u00e0noves, [&hellip;]<\/p>\n","protected":false},"author":1,"featured_media":0,"parent":0,"menu_order":0,"comment_status":"closed","ping_status":"closed","template":"page-full-width.php","meta":{"footnotes":""},"class_list":["post-14175","page","type-page","status-publish","hentry"],"yoast_head":"<!-- This site is optimized with the Yoast SEO plugin v27.1.1 - https:\/\/yoast.com\/product\/yoast-seo-wordpress\/ -->\n<title>Festivals - Dj Marvin<\/title>\n<meta name=\"description\" content=\"The best mainstream music and all-time hits. Ability to \u201cadapt for all audiences, more than 18 years of experience.\" \/>\n<meta name=\"robots\" content=\"index, follow, max-snippet:-1, max-image-preview:large, max-video-preview:-1\" \/>\n<link rel=\"canonical\" href=\"https:\/\/djmarvin.cat\/en\/festivals\/\" \/>\n<meta property=\"og:locale\" content=\"en_US\" \/>\n<meta property=\"og:type\" content=\"article\" \/>\n<meta property=\"og:title\" content=\"Festivals - Dj Marvin\" \/>\n<meta property=\"og:description\" content=\"The best mainstream music and all-time hits. Ability to \u201cadapt for all audiences, more than 18 years of experience.\" \/>\n<meta property=\"og:url\" content=\"https:\/\/djmarvin.cat\/en\/festivals\/\" \/>\n<meta property=\"og:site_name\" content=\"Dj Marvin\" \/>\n<meta property=\"article:publisher\" content=\"https:\/\/facebook.com\/djmrvn\" \/>\n<meta property=\"article:modified_time\" content=\"2025-08-15T14:08:32+00:00\" \/>\n<meta property=\"og:image\" content=\"https:\/\/djmarvin.cat\/wp-content\/uploads\/2023\/12\/2.webp\" \/>\n\t<meta property=\"og:image:width\" content=\"1080\" \/>\n\t<meta property=\"og:image:height\" content=\"1080\" \/>\n\t<meta property=\"og:image:type\" content=\"image\/webp\" \/>\n<meta name=\"twitter:card\" content=\"summary_large_image\" \/>\n<meta name=\"twitter:label1\" content=\"Est. reading time\" \/>\n\t<meta name=\"twitter:data1\" content=\"2 minutes\" \/>\n<script type=\"application\/ld+json\" class=\"yoast-schema-graph\">{\"@context\":\"https:\/\/schema.org\",\"@graph\":[{\"@type\":\"WebPage\",\"@id\":\"https:\/\/djmarvin.cat\/en\/festivals\/\",\"url\":\"https:\/\/djmarvin.cat\/en\/festivals\/\",\"name\":\"Festivals - Dj Marvin\",\"isPartOf\":{\"@id\":\"https:\/\/djmarvin.cat\/en\/#website\"},\"primaryImageOfPage\":{\"@id\":\"https:\/\/djmarvin.cat\/en\/festivals\/#primaryimage\"},\"image\":{\"@id\":\"https:\/\/djmarvin.cat\/en\/festivals\/#primaryimage\"},\"thumbnailUrl\":\"https:\/\/djmarvin.cat\/wp-content\/uploads\/2023\/12\/2-1024x1024.webp\",\"datePublished\":\"2024-01-23T20:33:39+00:00\",\"dateModified\":\"2025-08-15T14:08:32+00:00\",\"description\":\"The best mainstream music and all-time hits. Ability to \u201cadapt for all audiences, more than 18 years of experience.\",\"breadcrumb\":{\"@id\":\"https:\/\/djmarvin.cat\/en\/festivals\/#breadcrumb\"},\"inLanguage\":\"en-US\",\"potentialAction\":[{\"@type\":\"ReadAction\",\"target\":[\"https:\/\/djmarvin.cat\/en\/festivals\/\"]}]},{\"@type\":\"ImageObject\",\"inLanguage\":\"en-US\",\"@id\":\"https:\/\/djmarvin.cat\/en\/festivals\/#primaryimage\",\"url\":\"https:\/\/djmarvin.cat\/wp-content\/uploads\/2023\/12\/2-1024x1024.webp\",\"contentUrl\":\"https:\/\/djmarvin.cat\/wp-content\/uploads\/2023\/12\/2-1024x1024.webp\"},{\"@type\":\"BreadcrumbList\",\"@id\":\"https:\/\/djmarvin.cat\/en\/festivals\/#breadcrumb\",\"itemListElement\":[{\"@type\":\"ListItem\",\"position\":1,\"name\":\"Inici\",\"item\":\"https:\/\/djmarvin.cat\/en\/\"},{\"@type\":\"ListItem\",\"position\":2,\"name\":\"Festivals\"}]},{\"@type\":\"WebSite\",\"@id\":\"https:\/\/djmarvin.cat\/en\/#website\",\"url\":\"https:\/\/djmarvin.cat\/en\/\",\"name\":\"Dj Marvin\",\"description\":\"Top Hits DJ\",\"publisher\":{\"@id\":\"https:\/\/djmarvin.cat\/en\/#organization\"},\"alternateName\":\"Les millors sessions amb tots els hits del moment o les m\u00e9s elegants amb la millor m\u00fasica electr\u00f2nica\",\"potentialAction\":[{\"@type\":\"SearchAction\",\"target\":{\"@type\":\"EntryPoint\",\"urlTemplate\":\"https:\/\/djmarvin.cat\/en\/?s={search_term_string}\"},\"query-input\":{\"@type\":\"PropertyValueSpecification\",\"valueRequired\":true,\"valueName\":\"search_term_string\"}}],\"inLanguage\":\"en-US\"},{\"@type\":\"Organization\",\"@id\":\"https:\/\/djmarvin.cat\/en\/#organization\",\"name\":\"Dj Marvin\",\"url\":\"https:\/\/djmarvin.cat\/en\/\",\"logo\":{\"@type\":\"ImageObject\",\"inLanguage\":\"en-US\",\"@id\":\"https:\/\/djmarvin.cat\/en\/#\/schema\/logo\/image\/\",\"url\":\"https:\/\/djmarvin.cat\/wp-content\/uploads\/2024\/01\/djmarvin2024_black_small.webp\",\"contentUrl\":\"https:\/\/djmarvin.cat\/wp-content\/uploads\/2024\/01\/djmarvin2024_black_small.webp\",\"width\":300,\"height\":91,\"caption\":\"Dj Marvin\"},\"image\":{\"@id\":\"https:\/\/djmarvin.cat\/en\/#\/schema\/logo\/image\/\"},\"sameAs\":[\"https:\/\/facebook.com\/djmrvn\",\"https:\/\/instagram.com\/djmarvin\"]}]}<\/script>\n<!-- \/ Yoast SEO plugin. -->","yoast_head_json":{"title":"Festivals - Dj Marvin","description":"The best mainstream music and all-time hits. Ability to \u201cadapt for all audiences, more than 18 years of experience.","robots":{"index":"index","follow":"follow","max-snippet":"max-snippet:-1","max-image-preview":"max-image-preview:large","max-video-preview":"max-video-preview:-1"},"canonical":"https:\/\/djmarvin.cat\/en\/festivals\/","og_locale":"en_US","og_type":"article","og_title":"Festivals - Dj Marvin","og_description":"The best mainstream music and all-time hits. Ability to \u201cadapt for all audiences, more than 18 years of experience.","og_url":"https:\/\/djmarvin.cat\/en\/festivals\/","og_site_name":"Dj Marvin","article_publisher":"https:\/\/facebook.com\/djmrvn","article_modified_time":"2025-08-15T14:08:32+00:00","og_image":[{"width":1080,"height":1080,"url":"https:\/\/djmarvin.cat\/wp-content\/uploads\/2023\/12\/2.webp","type":"image\/webp"}],"twitter_card":"summary_large_image","twitter_misc":{"Est. reading time":"2 minutes"},"schema":{"@context":"https:\/\/schema.org","@graph":[{"@type":"WebPage","@id":"https:\/\/djmarvin.cat\/en\/festivals\/","url":"https:\/\/djmarvin.cat\/en\/festivals\/","name":"Festivals - Dj Marvin","isPartOf":{"@id":"https:\/\/djmarvin.cat\/en\/#website"},"primaryImageOfPage":{"@id":"https:\/\/djmarvin.cat\/en\/festivals\/#primaryimage"},"image":{"@id":"https:\/\/djmarvin.cat\/en\/festivals\/#primaryimage"},"thumbnailUrl":"https:\/\/djmarvin.cat\/wp-content\/uploads\/2023\/12\/2-1024x1024.webp","datePublished":"2024-01-23T20:33:39+00:00","dateModified":"2025-08-15T14:08:32+00:00","description":"The best mainstream music and all-time hits. Ability to \u201cadapt for all audiences, more than 18 years of experience.","breadcrumb":{"@id":"https:\/\/djmarvin.cat\/en\/festivals\/#breadcrumb"},"inLanguage":"en-US","potentialAction":[{"@type":"ReadAction","target":["https:\/\/djmarvin.cat\/en\/festivals\/"]}]},{"@type":"ImageObject","inLanguage":"en-US","@id":"https:\/\/djmarvin.cat\/en\/festivals\/#primaryimage","url":"https:\/\/djmarvin.cat\/wp-content\/uploads\/2023\/12\/2-1024x1024.webp","contentUrl":"https:\/\/djmarvin.cat\/wp-content\/uploads\/2023\/12\/2-1024x1024.webp"},{"@type":"BreadcrumbList","@id":"https:\/\/djmarvin.cat\/en\/festivals\/#breadcrumb","itemListElement":[{"@type":"ListItem","position":1,"name":"Inici","item":"https:\/\/djmarvin.cat\/en\/"},{"@type":"ListItem","position":2,"name":"Festivals"}]},{"@type":"WebSite","@id":"https:\/\/djmarvin.cat\/en\/#website","url":"https:\/\/djmarvin.cat\/en\/","name":"Dj Marvin","description":"Top Hits DJ","publisher":{"@id":"https:\/\/djmarvin.cat\/en\/#organization"},"alternateName":"Les millors sessions amb tots els hits del moment o les m\u00e9s elegants amb la millor m\u00fasica electr\u00f2nica","potentialAction":[{"@type":"SearchAction","target":{"@type":"EntryPoint","urlTemplate":"https:\/\/djmarvin.cat\/en\/?s={search_term_string}"},"query-input":{"@type":"PropertyValueSpecification","valueRequired":true,"valueName":"search_term_string"}}],"inLanguage":"en-US"},{"@type":"Organization","@id":"https:\/\/djmarvin.cat\/en\/#organization","name":"Dj Marvin","url":"https:\/\/djmarvin.cat\/en\/","logo":{"@type":"ImageObject","inLanguage":"en-US","@id":"https:\/\/djmarvin.cat\/en\/#\/schema\/logo\/image\/","url":"https:\/\/djmarvin.cat\/wp-content\/uploads\/2024\/01\/djmarvin2024_black_small.webp","contentUrl":"https:\/\/djmarvin.cat\/wp-content\/uploads\/2024\/01\/djmarvin2024_black_small.webp","width":300,"height":91,"caption":"Dj Marvin"},"image":{"@id":"https:\/\/djmarvin.cat\/en\/#\/schema\/logo\/image\/"},"sameAs":["https:\/\/facebook.com\/djmrvn","https:\/\/instagram.com\/djmarvin"]}]}},"_links":{"self":[{"href":"https:\/\/djmarvin.cat\/en\/wp-json\/wp\/v2\/pages\/14175","targetHints":{"allow":["GET"]}}],"collection":[{"href":"https:\/\/djmarvin.cat\/en\/wp-json\/wp\/v2\/pages"}],"about":[{"href":"https:\/\/djmarvin.cat\/en\/wp-json\/wp\/v2\/types\/page"}],"author":[{"embeddable":true,"href":"https:\/\/djmarvin.cat\/en\/wp-json\/wp\/v2\/users\/1"}],"replies":[{"embeddable":true,"href":"https:\/\/djmarvin.cat\/en\/wp-json\/wp\/v2\/comments?post=14175"}],"version-history":[{"count":5,"href":"https:\/\/djmarvin.cat\/en\/wp-json\/wp\/v2\/pages\/14175\/revisions"}],"predecessor-version":[{"id":14193,"href":"https:\/\/djmarvin.cat\/en\/wp-json\/wp\/v2\/pages\/14175\/revisions\/14193"}],"wp:attachment":[{"href":"https:\/\/djmarvin.cat\/en\/wp-json\/wp\/v2\/media?parent=14175"}],"curies":[{"name":"wp","href":"https:\/\/api.w.org\/{rel}","templated":true}]}}