{"id":14163,"date":"2024-07-26T17:58:08","date_gmt":"2024-07-26T15:58:08","guid":{"rendered":"https:\/\/djmarvin.cat\/events\/"},"modified":"2025-08-15T16:12:55","modified_gmt":"2025-08-15T14:12:55","slug":"events","status":"publish","type":"page","link":"https:\/\/djmarvin.cat\/en\/events\/","title":{"rendered":"Events"},"content":{"rendered":"\t\t<div data-elementor-type=\"wp-page\" data-elementor-id=\"14163\" class=\"elementor elementor-14163 elementor-13623\">\n\t\t\t\t\t\t<section class=\"elementor-section elementor-top-section elementor-element elementor-element-ca1019a elementor-section-boxed elementor-section-height-default elementor-section-height-default\" data-id=\"ca1019a\" data-element_type=\"section\" data-e-type=\"section\">\n\t\t\t\t\t\t<div class=\"elementor-container elementor-column-gap-no\">\n\t\t\t\t\t<div class=\"elementor-column elementor-col-50 elementor-top-column elementor-element elementor-element-856ab6d\" data-id=\"856ab6d\" data-element_type=\"column\" data-e-type=\"column\">\n\t\t\t<div class=\"elementor-widget-wrap elementor-element-populated\">\n\t\t\t\t\t\t<div class=\"elementor-element elementor-element-63a7f61 elementor-widget elementor-widget-beatmove_core_section_title\" data-id=\"63a7f61\" data-element_type=\"widget\" data-e-type=\"widget\" data-widget_type=\"beatmove_core_section_title.default\">\n\t\t\t\t<div class=\"elementor-widget-container\">\n\t\t\t\t\t<div class=\"qodef-shortcode qodef-m  qodef-section-title qodef--has-appear qodef-alignment--left   \">\n\t\t<h1 class=\"qodef-m-title\" >\n\t\t\t\t\tEVENTS\t\t\t<\/h1>\n\t\t<div class=\"qodef-m-text\" >\n\t\tEVENTS TOP HITS DJ\t<\/div>\n<\/div>\n\t\t\t\t<\/div>\n\t\t\t\t<\/div>\n\t\t\t\t<div class=\"elementor-element elementor-element-39d52d2 elementor-widget elementor-widget-text-editor\" data-id=\"39d52d2\" data-element_type=\"widget\" data-e-type=\"widget\" data-widget_type=\"text-editor.default\">\n\t\t\t\t<div class=\"elementor-widget-container\">\n\t\t\t\t\t\t\t\t\t<p><span style=\"letter-spacing: -0.01em;\">Professional DJ with experience in all types of events, from private parties, hotels, restaurants, and large corporate celebrations. I can adapt my music to any audience and create a unique atmosphere for every occasion.<\/span><\/p><p>Travel available throughout Catalonia, Barcelona, Girona, Lleida, and Tarragona.<\/p>\t\t\t\t\t\t\t\t<\/div>\n\t\t\t\t<\/div>\n\t\t\t\t<div class=\"elementor-element elementor-element-281393c elementor-widget elementor-widget-beatmove_core_button\" data-id=\"281393c\" data-element_type=\"widget\" data-e-type=\"widget\" data-widget_type=\"beatmove_core_button.default\">\n\t\t\t\t<div class=\"elementor-widget-container\">\n\t\t\t\t\t<a class=\"qodef-shortcode qodef-m  qodef-button qodef-layout--textual  qodef-html--link\" href=\"\/en\/contact\" target=\"_self\"  >\n\t<span class=\"qodef-m-text\">Contact me<\/span><svg class=\"qodef-svg--custom-arrow qodef-m-arrow\" xmlns=\"http:\/\/www.w3.org\/2000\/svg\" width=\"14.2\" height=\"14.2\" viewBox=\"0 0 14.2 14.2\"><g><path d=\"M13.2 9V1h-8M13.4.8.7 13.5\"\/><path d=\"M13.2 9V1h-8M13.4.8.7 13.5\"\/><\/g><g><path d=\"M13.2 9V1h-8M13.4.8.7 13.5\"\/><path d=\"M13.2 9V1h-8M13.4.8.7 13.5\"\/><\/g><\/svg><\/a>\n\t\t\t\t<\/div>\n\t\t\t\t<\/div>\n\t\t\t\t\t<\/div>\n\t\t<\/div>\n\t\t\t\t<div class=\"elementor-column elementor-col-50 elementor-top-column elementor-element elementor-element-ddee93b elementor-hidden-tablet elementor-hidden-mobile\" data-id=\"ddee93b\" data-element_type=\"column\" data-e-type=\"column\">\n\t\t\t<div class=\"elementor-widget-wrap elementor-element-populated\">\n\t\t\t\t\t\t<div class=\"elementor-element elementor-element-76dedcb elementor-invisible elementor-widget elementor-widget-image\" data-id=\"76dedcb\" data-element_type=\"widget\" data-e-type=\"widget\" data-settings=\"{&quot;_animation&quot;:&quot;fadeIn&quot;}\" data-widget_type=\"image.default\">\n\t\t\t\t<div class=\"elementor-widget-container\">\n\t\t\t\t\t\t\t\t\t\t\t\t\t\t\t<img fetchpriority=\"high\" decoding=\"async\" width=\"1024\" height=\"1024\" src=\"https:\/\/djmarvin.cat\/wp-content\/uploads\/2025\/06\/20250601_145420_008-1-1024x1024.jpg\" class=\"attachment-large size-large wp-image-14147\" alt=\"\" srcset=\"https:\/\/djmarvin.cat\/wp-content\/uploads\/2025\/06\/20250601_145420_008-1-1024x1024.jpg 1024w, https:\/\/djmarvin.cat\/wp-content\/uploads\/2025\/06\/20250601_145420_008-1-300x300.jpg 300w, https:\/\/djmarvin.cat\/wp-content\/uploads\/2025\/06\/20250601_145420_008-1-150x150.jpg 150w, https:\/\/djmarvin.cat\/wp-content\/uploads\/2025\/06\/20250601_145420_008-1-768x768.jpg 768w, https:\/\/djmarvin.cat\/wp-content\/uploads\/2025\/06\/20250601_145420_008-1-1536x1536.jpg 1536w, https:\/\/djmarvin.cat\/wp-content\/uploads\/2025\/06\/20250601_145420_008-1-650x650.jpg 650w, https:\/\/djmarvin.cat\/wp-content\/uploads\/2025\/06\/20250601_145420_008-1-1300x1300.jpg 1300w, https:\/\/djmarvin.cat\/wp-content\/uploads\/2025\/06\/20250601_145420_008-1.jpg 2048w\" sizes=\"(max-width: 1024px) 100vw, 1024px\" \/>\t\t\t\t\t\t\t\t\t\t\t\t\t\t\t<\/div>\n\t\t\t\t<\/div>\n\t\t\t\t\t<\/div>\n\t\t<\/div>\n\t\t\t\t\t<\/div>\n\t\t<\/section>\n\t\t<div class=\"elementor-element elementor-element-ec8e7a1 e-flex e-con-boxed e-con e-parent\" data-id=\"ec8e7a1\" data-element_type=\"container\" data-e-type=\"container\" data-settings=\"{&quot;background_background&quot;:&quot;classic&quot;}\">\n\t\t\t\t\t<div class=\"e-con-inner\">\n\t\t<div class=\"elementor-element elementor-element-e481614 e-con-full e-flex e-con e-child\" data-id=\"e481614\" data-element_type=\"container\" data-e-type=\"container\">\n\t\t\t\t<div class=\"elementor-element elementor-element-52bdb2e elementor-widget elementor-widget-qi_addons_for_elementor_section_title\" data-id=\"52bdb2e\" data-element_type=\"widget\" data-e-type=\"widget\" data-widget_type=\"qi_addons_for_elementor_section_title.default\">\n\t\t\t\t<div class=\"elementor-widget-container\">\n\t\t\t\t\t<div class=\"qodef-shortcode qodef-m qodef-qi-section-title qodef-decoration--italic qodef-link--underline-draw qodef-subtitle-icon--left\">\n\t\t\t\t\t\t<h2 class=\"qodef-m-title\">\n\t\tHotels\t<\/h2>\n\t\t\t<div class=\"qodef-m-text\"><p>DJ set with ambient or dance music. Hotels, rooftops, restaurants, \u201cindoors or\u201d outdoors. I \u201cadapt to the\u201d atmosphere and client type of each establishment.<\/p><p>Chill, Afro, House, Deep House, Funky House.<\/p><\/div>\n\t<\/div>\n\t\t\t\t<\/div>\n\t\t\t\t<\/div>\n\t\t\t\t<\/div>\n\t\t<div class=\"elementor-element elementor-element-97f7df3 e-con-full e-flex e-con e-child\" data-id=\"97f7df3\" data-element_type=\"container\" data-e-type=\"container\">\n\t\t\t\t<div class=\"elementor-element elementor-element-a165e8a elementor-widget elementor-widget-qi_addons_for_elementor_section_title\" data-id=\"a165e8a\" data-element_type=\"widget\" data-e-type=\"widget\" data-widget_type=\"qi_addons_for_elementor_section_title.default\">\n\t\t\t\t<div class=\"elementor-widget-container\">\n\t\t\t\t\t<div class=\"qodef-shortcode qodef-m qodef-qi-section-title qodef-decoration--italic qodef-link--underline-draw qodef-subtitle-icon--left\">\n\t\t\t\t\t\t<h2 class=\"qodef-m-title\">\n\t\tCorporate Events\t<\/h2>\n\t\t\t<div class=\"qodef-m-text\">DJ set for corporate events, dance or ambient music. Also corporate dinners.<\/div>\n\t<\/div>\n\t\t\t\t<\/div>\n\t\t\t\t<\/div>\n\t\t\t\t<\/div>\n\t\t<div class=\"elementor-element elementor-element-e866ff5 e-con-full e-flex e-con e-child\" data-id=\"e866ff5\" data-element_type=\"container\" data-e-type=\"container\">\n\t\t\t\t<div class=\"elementor-element elementor-element-4869548 elementor-widget elementor-widget-qi_addons_for_elementor_section_title\" data-id=\"4869548\" data-element_type=\"widget\" data-e-type=\"widget\" data-widget_type=\"qi_addons_for_elementor_section_title.default\">\n\t\t\t\t<div class=\"elementor-widget-container\">\n\t\t\t\t\t<div class=\"qodef-shortcode qodef-m qodef-qi-section-title qodef-decoration--italic qodef-link--underline-draw qodef-subtitle-icon--left\">\n\t\t\t\t\t\t<h2 class=\"qodef-m-title\">\n\t\tParties\t<\/h2>\n\t\t\t<div class=\"qodef-m-text\">Do you want to celebrate your birthday with a party everyone will remember? I'll take care of the music and make your party unforgettable! You can choose from a wide variety of music genres to adapt the music to your taste and that of your guests.<\/div>\n\t<\/div>\n\t\t\t\t<\/div>\n\t\t\t\t<\/div>\n\t\t\t\t<\/div>\n\t\t\t\t\t<\/div>\n\t\t\t\t<\/div>\n\t\t<div class=\"elementor-element elementor-element-0fbce6c e-flex e-con-boxed e-con e-parent\" data-id=\"0fbce6c\" data-element_type=\"container\" data-e-type=\"container\">\n\t\t\t\t\t<div class=\"e-con-inner\">\n\t\t\t\t<div class=\"elementor-element elementor-element-629ec74 elementor-widget elementor-widget-qi_addons_for_elementor_section_title\" data-id=\"629ec74\" data-element_type=\"widget\" data-e-type=\"widget\" data-widget_type=\"qi_addons_for_elementor_section_title.default\">\n\t\t\t\t<div class=\"elementor-widget-container\">\n\t\t\t\t\t<div class=\"qodef-shortcode qodef-m qodef-qi-section-title qodef-decoration--italic qodef-link--underline-draw qodef-subtitle-icon--left\">\n\t\t\t<h2 class=\"qodef-m-title\">\n\t\tExperience\t<\/h2>\n\t\t\t\t<h5 class=\"qodef-m-subtitle\">\n\t\tDJ at Hotels, Birthdays, and Events\t\t\t<\/h5>\n\t\t\t<div class=\"qodef-m-text\"><p>URH (Girona), Ibis (Barcelona, Ripollet, Viladecans), Novotel (Barcelona, Cornell\u00e0), Hotel Arts (Barcelona), Buti Buti (Port de Barcelona), La Gavina (S'Agar\u00f3), La Masia d'Esplugues, Mas Marroch, Castell de Perelada, among others.<\/p><\/div>\n\t<\/div>\n\t\t\t\t<\/div>\n\t\t\t\t<\/div>\n\t\t\t\t\t<\/div>\n\t\t\t\t<\/div>\n\t\t<div class=\"elementor-element elementor-element-29c7a2a e-con-full e-flex e-con e-parent\" data-id=\"29c7a2a\" data-element_type=\"container\" data-e-type=\"container\">\n\t\t<div class=\"elementor-element elementor-element-9897750 e-con-full e-flex e-con e-child\" data-id=\"9897750\" data-element_type=\"container\" data-e-type=\"container\">\n\t\t\t\t<div class=\"elementor-element elementor-element-d61729c elementor-widget elementor-widget-image\" data-id=\"d61729c\" data-element_type=\"widget\" data-e-type=\"widget\" data-widget_type=\"image.default\">\n\t\t\t\t<div class=\"elementor-widget-container\">\n\t\t\t\t\t\t\t\t\t\t\t\t\t\t\t<img decoding=\"async\" width=\"1024\" height=\"1024\" src=\"https:\/\/djmarvin.cat\/wp-content\/uploads\/2025\/06\/20250530_180720-3-1024x1024.jpg\" class=\"attachment-large size-large wp-image-14146\" alt=\"\" srcset=\"https:\/\/djmarvin.cat\/wp-content\/uploads\/2025\/06\/20250530_180720-3-1024x1024.jpg 1024w, https:\/\/djmarvin.cat\/wp-content\/uploads\/2025\/06\/20250530_180720-3-300x300.jpg 300w, https:\/\/djmarvin.cat\/wp-content\/uploads\/2025\/06\/20250530_180720-3-150x150.jpg 150w, https:\/\/djmarvin.cat\/wp-content\/uploads\/2025\/06\/20250530_180720-3-768x768.jpg 768w, https:\/\/djmarvin.cat\/wp-content\/uploads\/2025\/06\/20250530_180720-3-1536x1536.jpg 1536w, https:\/\/djmarvin.cat\/wp-content\/uploads\/2025\/06\/20250530_180720-3-650x650.jpg 650w, https:\/\/djmarvin.cat\/wp-content\/uploads\/2025\/06\/20250530_180720-3-1300x1300.jpg 1300w, https:\/\/djmarvin.cat\/wp-content\/uploads\/2025\/06\/20250530_180720-3.jpg 2048w\" sizes=\"(max-width: 1024px) 100vw, 1024px\" \/>\t\t\t\t\t\t\t\t\t\t\t\t\t\t\t<\/div>\n\t\t\t\t<\/div>\n\t\t\t\t<\/div>\n\t\t<div class=\"elementor-element elementor-element-484d63f e-con-full e-flex e-con e-child\" data-id=\"484d63f\" data-element_type=\"container\" data-e-type=\"container\">\n\t\t\t\t<div class=\"elementor-element elementor-element-3665837 elementor-widget elementor-widget-image\" data-id=\"3665837\" data-element_type=\"widget\" data-e-type=\"widget\" data-widget_type=\"image.default\">\n\t\t\t\t<div class=\"elementor-widget-container\">\n\t\t\t\t\t\t\t\t\t\t\t\t\t\t\t<img decoding=\"async\" width=\"1021\" height=\"1024\" src=\"https:\/\/djmarvin.cat\/wp-content\/uploads\/2024\/07\/WhatsApp-Image-2024-07-26-at-17.54.31-4-e1722009626897-1021x1024.jpeg\" class=\"attachment-large size-large wp-image-14143\" alt=\"\" srcset=\"https:\/\/djmarvin.cat\/wp-content\/uploads\/2024\/07\/WhatsApp-Image-2024-07-26-at-17.54.31-4-e1722009626897-1021x1024.jpeg 1021w, https:\/\/djmarvin.cat\/wp-content\/uploads\/2024\/07\/WhatsApp-Image-2024-07-26-at-17.54.31-4-e1722009626897-300x300.jpeg 300w, https:\/\/djmarvin.cat\/wp-content\/uploads\/2024\/07\/WhatsApp-Image-2024-07-26-at-17.54.31-4-e1722009626897-150x150.jpeg 150w, https:\/\/djmarvin.cat\/wp-content\/uploads\/2024\/07\/WhatsApp-Image-2024-07-26-at-17.54.31-4-e1722009626897-768x770.jpeg 768w, https:\/\/djmarvin.cat\/wp-content\/uploads\/2024\/07\/WhatsApp-Image-2024-07-26-at-17.54.31-4-e1722009626897.jpeg 1079w\" sizes=\"(max-width: 1021px) 100vw, 1021px\" \/>\t\t\t\t\t\t\t\t\t\t\t\t\t\t\t<\/div>\n\t\t\t\t<\/div>\n\t\t\t\t<\/div>\n\t\t<div class=\"elementor-element elementor-element-e566186 e-con-full e-flex e-con e-child\" data-id=\"e566186\" data-element_type=\"container\" data-e-type=\"container\">\n\t\t\t\t<div class=\"elementor-element elementor-element-6c5465d elementor-widget elementor-widget-image\" data-id=\"6c5465d\" data-element_type=\"widget\" data-e-type=\"widget\" data-widget_type=\"image.default\">\n\t\t\t\t<div class=\"elementor-widget-container\">\n\t\t\t\t\t\t\t\t\t\t\t\t\t\t\t<img loading=\"lazy\" decoding=\"async\" width=\"1024\" height=\"1024\" src=\"https:\/\/djmarvin.cat\/wp-content\/uploads\/2025\/06\/20250530_180833-2-1024x1024.jpg\" class=\"attachment-large size-large wp-image-14148\" alt=\"\" srcset=\"https:\/\/djmarvin.cat\/wp-content\/uploads\/2025\/06\/20250530_180833-2-1024x1024.jpg 1024w, https:\/\/djmarvin.cat\/wp-content\/uploads\/2025\/06\/20250530_180833-2-300x300.jpg 300w, https:\/\/djmarvin.cat\/wp-content\/uploads\/2025\/06\/20250530_180833-2-150x150.jpg 150w, https:\/\/djmarvin.cat\/wp-content\/uploads\/2025\/06\/20250530_180833-2-768x768.jpg 768w, https:\/\/djmarvin.cat\/wp-content\/uploads\/2025\/06\/20250530_180833-2-1536x1536.jpg 1536w, https:\/\/djmarvin.cat\/wp-content\/uploads\/2025\/06\/20250530_180833-2-650x650.jpg 650w, https:\/\/djmarvin.cat\/wp-content\/uploads\/2025\/06\/20250530_180833-2-1300x1300.jpg 1300w, https:\/\/djmarvin.cat\/wp-content\/uploads\/2025\/06\/20250530_180833-2.jpg 2048w\" sizes=\"(max-width: 1024px) 100vw, 1024px\" \/>\t\t\t\t\t\t\t\t\t\t\t\t\t\t\t<\/div>\n\t\t\t\t<\/div>\n\t\t\t\t<\/div>\n\t\t<div class=\"elementor-element elementor-element-1b58696 e-con-full e-flex e-con e-child\" data-id=\"1b58696\" data-element_type=\"container\" data-e-type=\"container\">\n\t\t\t\t<div class=\"elementor-element elementor-element-eac641c elementor-widget elementor-widget-image\" data-id=\"eac641c\" data-element_type=\"widget\" data-e-type=\"widget\" data-widget_type=\"image.default\">\n\t\t\t\t<div class=\"elementor-widget-container\">\n\t\t\t\t\t\t\t\t\t\t\t\t\t\t\t<img loading=\"lazy\" decoding=\"async\" width=\"1024\" height=\"1024\" src=\"https:\/\/djmarvin.cat\/wp-content\/uploads\/2024\/07\/novotelbcn-e1722009680599-1024x1024.jpeg\" class=\"attachment-large size-large wp-image-14141\" alt=\"\" srcset=\"https:\/\/djmarvin.cat\/wp-content\/uploads\/2024\/07\/novotelbcn-e1722009680599-1024x1024.jpeg 1024w, https:\/\/djmarvin.cat\/wp-content\/uploads\/2024\/07\/novotelbcn-e1722009680599-300x300.jpeg 300w, https:\/\/djmarvin.cat\/wp-content\/uploads\/2024\/07\/novotelbcn-e1722009680599-150x150.jpeg 150w, https:\/\/djmarvin.cat\/wp-content\/uploads\/2024\/07\/novotelbcn-e1722009680599-768x768.jpeg 768w, https:\/\/djmarvin.cat\/wp-content\/uploads\/2024\/07\/novotelbcn-e1722009680599-650x650.jpeg 650w, https:\/\/djmarvin.cat\/wp-content\/uploads\/2024\/07\/novotelbcn-e1722009680599.jpeg 1280w\" sizes=\"(max-width: 1024px) 100vw, 1024px\" \/>\t\t\t\t\t\t\t\t\t\t\t\t\t\t\t<\/div>\n\t\t\t\t<\/div>\n\t\t\t\t<\/div>\n\t\t\t\t<\/div>\n\t\t\t\t<\/div>\n\t\t","protected":false},"excerpt":{"rendered":"<p>EVENTS EVENTS TOP HITS DJ Professional DJ with experience in all types of events, from private parties, hotels, restaurants, and large corporate celebrations. I can adapt my music to any audience and create a unique atmosphere for every occasion. Travel available throughout Catalonia, Barcelona, Girona, Lleida, and Tarragona. Contact me Hotels DJ set with ambient [&hellip;]<\/p>\n","protected":false},"author":1,"featured_media":0,"parent":0,"menu_order":0,"comment_status":"closed","ping_status":"closed","template":"page-full-width.php","meta":{"footnotes":""},"class_list":["post-14163","page","type-page","status-publish","hentry"],"yoast_head":"<!-- This site is optimized with the Yoast SEO plugin v27.1.1 - https:\/\/yoast.com\/product\/yoast-seo-wordpress\/ -->\n<title>Events - Dj Marvin<\/title>\n<meta name=\"description\" content=\"DJ for all types of \u201cevents, corporate parties,\u201d birthdays, etc... I adapt my music to your party, contact me!\" \/>\n<meta name=\"robots\" content=\"index, follow, max-snippet:-1, max-image-preview:large, max-video-preview:-1\" \/>\n<link rel=\"canonical\" href=\"https:\/\/djmarvin.cat\/en\/events\/\" \/>\n<meta property=\"og:locale\" content=\"en_US\" \/>\n<meta property=\"og:type\" content=\"article\" \/>\n<meta property=\"og:title\" content=\"Events - Dj Marvin\" \/>\n<meta property=\"og:description\" content=\"DJ for all types of \u201cevents, corporate parties,\u201d birthdays, etc... I adapt my music to your party, contact me!\" \/>\n<meta property=\"og:url\" content=\"https:\/\/djmarvin.cat\/en\/events\/\" \/>\n<meta property=\"og:site_name\" content=\"Dj Marvin\" \/>\n<meta property=\"article:publisher\" content=\"https:\/\/facebook.com\/djmrvn\" \/>\n<meta property=\"article:modified_time\" content=\"2025-08-15T14:12:55+00:00\" \/>\n<meta property=\"og:image\" content=\"https:\/\/djmarvin.cat\/wp-content\/uploads\/2025\/06\/20250601_145420_008-1.jpg\" \/>\n\t<meta property=\"og:image:width\" content=\"2048\" \/>\n\t<meta property=\"og:image:height\" content=\"2048\" \/>\n\t<meta property=\"og:image:type\" content=\"image\/jpeg\" \/>\n<meta name=\"twitter:card\" content=\"summary_large_image\" \/>\n<meta name=\"twitter:label1\" content=\"Est. reading time\" \/>\n\t<meta name=\"twitter:data1\" content=\"2 minutes\" \/>\n<script type=\"application\/ld+json\" class=\"yoast-schema-graph\">{\"@context\":\"https:\/\/schema.org\",\"@graph\":[{\"@type\":\"WebPage\",\"@id\":\"https:\/\/djmarvin.cat\/en\/events\/\",\"url\":\"https:\/\/djmarvin.cat\/en\/events\/\",\"name\":\"Events - Dj Marvin\",\"isPartOf\":{\"@id\":\"https:\/\/djmarvin.cat\/en\/#website\"},\"primaryImageOfPage\":{\"@id\":\"https:\/\/djmarvin.cat\/en\/events\/#primaryimage\"},\"image\":{\"@id\":\"https:\/\/djmarvin.cat\/en\/events\/#primaryimage\"},\"thumbnailUrl\":\"https:\/\/djmarvin.cat\/wp-content\/uploads\/2025\/06\/20250601_145420_008-1-1024x1024.jpg\",\"datePublished\":\"2024-07-26T15:58:08+00:00\",\"dateModified\":\"2025-08-15T14:12:55+00:00\",\"description\":\"DJ for all types of \u201cevents, corporate parties,\u201d birthdays, etc... I adapt my music to your party, contact me!\",\"breadcrumb\":{\"@id\":\"https:\/\/djmarvin.cat\/en\/events\/#breadcrumb\"},\"inLanguage\":\"en-US\",\"potentialAction\":[{\"@type\":\"ReadAction\",\"target\":[\"https:\/\/djmarvin.cat\/en\/events\/\"]}]},{\"@type\":\"ImageObject\",\"inLanguage\":\"en-US\",\"@id\":\"https:\/\/djmarvin.cat\/en\/events\/#primaryimage\",\"url\":\"https:\/\/djmarvin.cat\/wp-content\/uploads\/2025\/06\/20250601_145420_008-1-1024x1024.jpg\",\"contentUrl\":\"https:\/\/djmarvin.cat\/wp-content\/uploads\/2025\/06\/20250601_145420_008-1-1024x1024.jpg\"},{\"@type\":\"BreadcrumbList\",\"@id\":\"https:\/\/djmarvin.cat\/en\/events\/#breadcrumb\",\"itemListElement\":[{\"@type\":\"ListItem\",\"position\":1,\"name\":\"Inici\",\"item\":\"https:\/\/djmarvin.cat\/en\/\"},{\"@type\":\"ListItem\",\"position\":2,\"name\":\"Events\"}]},{\"@type\":\"WebSite\",\"@id\":\"https:\/\/djmarvin.cat\/en\/#website\",\"url\":\"https:\/\/djmarvin.cat\/en\/\",\"name\":\"Dj Marvin\",\"description\":\"Top Hits DJ\",\"publisher\":{\"@id\":\"https:\/\/djmarvin.cat\/en\/#organization\"},\"alternateName\":\"Les millors sessions amb tots els hits del moment o les m\u00e9s elegants amb la millor m\u00fasica electr\u00f2nica\",\"potentialAction\":[{\"@type\":\"SearchAction\",\"target\":{\"@type\":\"EntryPoint\",\"urlTemplate\":\"https:\/\/djmarvin.cat\/en\/?s={search_term_string}\"},\"query-input\":{\"@type\":\"PropertyValueSpecification\",\"valueRequired\":true,\"valueName\":\"search_term_string\"}}],\"inLanguage\":\"en-US\"},{\"@type\":\"Organization\",\"@id\":\"https:\/\/djmarvin.cat\/en\/#organization\",\"name\":\"Dj Marvin\",\"url\":\"https:\/\/djmarvin.cat\/en\/\",\"logo\":{\"@type\":\"ImageObject\",\"inLanguage\":\"en-US\",\"@id\":\"https:\/\/djmarvin.cat\/en\/#\/schema\/logo\/image\/\",\"url\":\"https:\/\/djmarvin.cat\/wp-content\/uploads\/2024\/01\/djmarvin2024_black_small.webp\",\"contentUrl\":\"https:\/\/djmarvin.cat\/wp-content\/uploads\/2024\/01\/djmarvin2024_black_small.webp\",\"width\":300,\"height\":91,\"caption\":\"Dj Marvin\"},\"image\":{\"@id\":\"https:\/\/djmarvin.cat\/en\/#\/schema\/logo\/image\/\"},\"sameAs\":[\"https:\/\/facebook.com\/djmrvn\",\"https:\/\/instagram.com\/djmarvin\"]}]}<\/script>\n<!-- \/ Yoast SEO plugin. -->","yoast_head_json":{"title":"Events - Dj Marvin","description":"DJ for all types of \u201cevents, corporate parties,\u201d birthdays, etc... I adapt my music to your party, contact me!","robots":{"index":"index","follow":"follow","max-snippet":"max-snippet:-1","max-image-preview":"max-image-preview:large","max-video-preview":"max-video-preview:-1"},"canonical":"https:\/\/djmarvin.cat\/en\/events\/","og_locale":"en_US","og_type":"article","og_title":"Events - Dj Marvin","og_description":"DJ for all types of \u201cevents, corporate parties,\u201d birthdays, etc... I adapt my music to your party, contact me!","og_url":"https:\/\/djmarvin.cat\/en\/events\/","og_site_name":"Dj Marvin","article_publisher":"https:\/\/facebook.com\/djmrvn","article_modified_time":"2025-08-15T14:12:55+00:00","og_image":[{"width":2048,"height":2048,"url":"https:\/\/djmarvin.cat\/wp-content\/uploads\/2025\/06\/20250601_145420_008-1.jpg","type":"image\/jpeg"}],"twitter_card":"summary_large_image","twitter_misc":{"Est. reading time":"2 minutes"},"schema":{"@context":"https:\/\/schema.org","@graph":[{"@type":"WebPage","@id":"https:\/\/djmarvin.cat\/en\/events\/","url":"https:\/\/djmarvin.cat\/en\/events\/","name":"Events - Dj Marvin","isPartOf":{"@id":"https:\/\/djmarvin.cat\/en\/#website"},"primaryImageOfPage":{"@id":"https:\/\/djmarvin.cat\/en\/events\/#primaryimage"},"image":{"@id":"https:\/\/djmarvin.cat\/en\/events\/#primaryimage"},"thumbnailUrl":"https:\/\/djmarvin.cat\/wp-content\/uploads\/2025\/06\/20250601_145420_008-1-1024x1024.jpg","datePublished":"2024-07-26T15:58:08+00:00","dateModified":"2025-08-15T14:12:55+00:00","description":"DJ for all types of \u201cevents, corporate parties,\u201d birthdays, etc... I adapt my music to your party, contact me!","breadcrumb":{"@id":"https:\/\/djmarvin.cat\/en\/events\/#breadcrumb"},"inLanguage":"en-US","potentialAction":[{"@type":"ReadAction","target":["https:\/\/djmarvin.cat\/en\/events\/"]}]},{"@type":"ImageObject","inLanguage":"en-US","@id":"https:\/\/djmarvin.cat\/en\/events\/#primaryimage","url":"https:\/\/djmarvin.cat\/wp-content\/uploads\/2025\/06\/20250601_145420_008-1-1024x1024.jpg","contentUrl":"https:\/\/djmarvin.cat\/wp-content\/uploads\/2025\/06\/20250601_145420_008-1-1024x1024.jpg"},{"@type":"BreadcrumbList","@id":"https:\/\/djmarvin.cat\/en\/events\/#breadcrumb","itemListElement":[{"@type":"ListItem","position":1,"name":"Inici","item":"https:\/\/djmarvin.cat\/en\/"},{"@type":"ListItem","position":2,"name":"Events"}]},{"@type":"WebSite","@id":"https:\/\/djmarvin.cat\/en\/#website","url":"https:\/\/djmarvin.cat\/en\/","name":"Dj Marvin","description":"Top Hits DJ","publisher":{"@id":"https:\/\/djmarvin.cat\/en\/#organization"},"alternateName":"Les millors sessions amb tots els hits del moment o les m\u00e9s elegants amb la millor m\u00fasica electr\u00f2nica","potentialAction":[{"@type":"SearchAction","target":{"@type":"EntryPoint","urlTemplate":"https:\/\/djmarvin.cat\/en\/?s={search_term_string}"},"query-input":{"@type":"PropertyValueSpecification","valueRequired":true,"valueName":"search_term_string"}}],"inLanguage":"en-US"},{"@type":"Organization","@id":"https:\/\/djmarvin.cat\/en\/#organization","name":"Dj Marvin","url":"https:\/\/djmarvin.cat\/en\/","logo":{"@type":"ImageObject","inLanguage":"en-US","@id":"https:\/\/djmarvin.cat\/en\/#\/schema\/logo\/image\/","url":"https:\/\/djmarvin.cat\/wp-content\/uploads\/2024\/01\/djmarvin2024_black_small.webp","contentUrl":"https:\/\/djmarvin.cat\/wp-content\/uploads\/2024\/01\/djmarvin2024_black_small.webp","width":300,"height":91,"caption":"Dj Marvin"},"image":{"@id":"https:\/\/djmarvin.cat\/en\/#\/schema\/logo\/image\/"},"sameAs":["https:\/\/facebook.com\/djmrvn","https:\/\/instagram.com\/djmarvin"]}]}},"_links":{"self":[{"href":"https:\/\/djmarvin.cat\/en\/wp-json\/wp\/v2\/pages\/14163","targetHints":{"allow":["GET"]}}],"collection":[{"href":"https:\/\/djmarvin.cat\/en\/wp-json\/wp\/v2\/pages"}],"about":[{"href":"https:\/\/djmarvin.cat\/en\/wp-json\/wp\/v2\/types\/page"}],"author":[{"embeddable":true,"href":"https:\/\/djmarvin.cat\/en\/wp-json\/wp\/v2\/users\/1"}],"replies":[{"embeddable":true,"href":"https:\/\/djmarvin.cat\/en\/wp-json\/wp\/v2\/comments?post=14163"}],"version-history":[{"count":6,"href":"https:\/\/djmarvin.cat\/en\/wp-json\/wp\/v2\/pages\/14163\/revisions"}],"predecessor-version":[{"id":14201,"href":"https:\/\/djmarvin.cat\/en\/wp-json\/wp\/v2\/pages\/14163\/revisions\/14201"}],"wp:attachment":[{"href":"https:\/\/djmarvin.cat\/en\/wp-json\/wp\/v2\/media?parent=14163"}],"curies":[{"name":"wp","href":"https:\/\/api.w.org\/{rel}","templated":true}]}}